{"id":9188,"date":"2023-04-11T16:12:17","date_gmt":"2023-04-11T14:12:17","guid":{"rendered":"https:\/\/www.laurenceesnolgallery.com\/?page_id=9188"},"modified":"2023-10-19T11:47:17","modified_gmt":"2023-10-19T09:47:17","slug":"h-craig-hanna","status":"publish","type":"page","link":"https:\/\/www.laurenceesnolgallery.com\/en\/artists\/h-craig-hanna\/","title":{"rendered":"H Craig HANNA"},"content":{"rendered":"\t\t<div data-elementor-type=\"wp-page\" data-elementor-id=\"9188\" class=\"elementor elementor-9188 elementor-155\" data-elementor-post-type=\"page\">\n\t\t\t\t\t\t<section class=\"elementor-section elementor-top-section elementor-element elementor-element-b03c7d3 elementor-section-height-min-height elementor-section-boxed elementor-section-height-default elementor-section-items-middle wpr-particle-no wpr-jarallax-no wpr-parallax-no wpr-sticky-section-no wpr-equal-height-no\" data-id=\"b03c7d3\" data-element_type=\"section\" data-e-type=\"section\">\n\t\t\t\t\t\t<div class=\"elementor-container elementor-column-gap-default\">\n\t\t\t\t\t<div class=\"elementor-column elementor-col-33 elementor-top-column elementor-element elementor-element-bbb1871\" data-id=\"bbb1871\" data-element_type=\"column\" data-e-type=\"column\" data-settings=\"{&quot;background_background&quot;:&quot;classic&quot;}\">\n\t\t\t<div class=\"elementor-widget-wrap elementor-element-populated\">\n\t\t\t\t\t\t<div class=\"elementor-element elementor-element-e631c88 elementor-widget elementor-widget-image\" data-id=\"e631c88\" data-element_type=\"widget\" data-e-type=\"widget\" data-widget_type=\"image.default\">\n\t\t\t\t<div class=\"elementor-widget-container\">\n\t\t\t\t\t\t\t\t\t\t\t\t\t\t\t\t<a href=\"https:\/\/www.laurenceesnolgallery.com\/en\/artists\/h-craig-hanna\/biography\/\">\n\t\t\t\t\t\t\t<img decoding=\"async\" width=\"191\" height=\"221\" src=\"https:\/\/www.laurenceesnolgallery.com\/wp-content\/uploads\/2023\/04\/1-mod.jpg\" class=\"attachment-large size-large wp-image-6821\" alt=\"\" \/>\t\t\t\t\t\t\t\t<\/a>\n\t\t\t\t\t\t\t\t\t\t\t\t\t\t\t<\/div>\n\t\t\t\t<\/div>\n\t\t\t\t<div class=\"elementor-element elementor-element-c4879ae elementor-widget elementor-widget-heading\" data-id=\"c4879ae\" data-element_type=\"widget\" data-e-type=\"widget\" data-widget_type=\"heading.default\">\n\t\t\t\t<div class=\"elementor-widget-container\">\n\t\t\t\t\t<h2 class=\"elementor-heading-title elementor-size-default\">Biography<\/h2>\t\t\t\t<\/div>\n\t\t\t\t<\/div>\n\t\t\t\t\t<\/div>\n\t\t<\/div>\n\t\t\t\t<div class=\"elementor-column elementor-col-33 elementor-top-column elementor-element elementor-element-d4630c7\" data-id=\"d4630c7\" data-element_type=\"column\" data-e-type=\"column\" data-settings=\"{&quot;background_background&quot;:&quot;classic&quot;}\">\n\t\t\t<div class=\"elementor-widget-wrap elementor-element-populated\">\n\t\t\t\t\t\t<div class=\"elementor-element elementor-element-b61f171 elementor-widget elementor-widget-image\" data-id=\"b61f171\" data-element_type=\"widget\" data-e-type=\"widget\" data-widget_type=\"image.default\">\n\t\t\t\t<div class=\"elementor-widget-container\">\n\t\t\t\t\t\t\t\t\t\t\t\t\t\t\t\t<a href=\"https:\/\/www.laurenceesnolgallery.com\/en\/artists\/h-craig-hanna\/artworks\">\n\t\t\t\t\t\t\t<img decoding=\"async\" width=\"191\" height=\"221\" src=\"https:\/\/www.laurenceesnolgallery.com\/wp-content\/uploads\/2023\/04\/4-modif-1.jpg\" class=\"attachment-full size-full wp-image-6932\" alt=\"\" \/>\t\t\t\t\t\t\t\t<\/a>\n\t\t\t\t\t\t\t\t\t\t\t\t\t\t\t<\/div>\n\t\t\t\t<\/div>\n\t\t\t\t<div class=\"elementor-element elementor-element-daecba1 elementor-widget elementor-widget-heading\" data-id=\"daecba1\" data-element_type=\"widget\" data-e-type=\"widget\" data-widget_type=\"heading.default\">\n\t\t\t\t<div class=\"elementor-widget-container\">\n\t\t\t\t\t<h2 class=\"elementor-heading-title elementor-size-default\">Artworks<\/h2>\t\t\t\t<\/div>\n\t\t\t\t<\/div>\n\t\t\t\t\t<\/div>\n\t\t<\/div>\n\t\t\t\t<div class=\"elementor-column elementor-col-33 elementor-top-column elementor-element elementor-element-50e161d\" data-id=\"50e161d\" data-element_type=\"column\" data-e-type=\"column\" data-settings=\"{&quot;background_background&quot;:&quot;classic&quot;}\">\n\t\t\t<div class=\"elementor-widget-wrap elementor-element-populated\">\n\t\t\t\t\t\t<div class=\"elementor-element elementor-element-433693d elementor-widget elementor-widget-image\" data-id=\"433693d\" data-element_type=\"widget\" data-e-type=\"widget\" data-widget_type=\"image.default\">\n\t\t\t\t<div class=\"elementor-widget-container\">\n\t\t\t\t\t\t\t\t\t\t\t\t\t\t\t\t<a href=\"https:\/\/www.laurenceesnolgallery.com\/en\/artists\/h-craig-hanna\/perspex\">\n\t\t\t\t\t\t\t<img decoding=\"async\" width=\"191\" height=\"221\" src=\"https:\/\/www.laurenceesnolgallery.com\/wp-content\/uploads\/2023\/04\/8-mod.jpg\" class=\"attachment-large size-large wp-image-6825\" alt=\"\" \/>\t\t\t\t\t\t\t\t<\/a>\n\t\t\t\t\t\t\t\t\t\t\t\t\t\t\t<\/div>\n\t\t\t\t<\/div>\n\t\t\t\t<div class=\"elementor-element elementor-element-fa2a3fd elementor-widget elementor-widget-heading\" data-id=\"fa2a3fd\" data-element_type=\"widget\" data-e-type=\"widget\" data-widget_type=\"heading.default\">\n\t\t\t\t<div class=\"elementor-widget-container\">\n\t\t\t\t\t<h2 class=\"elementor-heading-title elementor-size-default\">Perspex<\/h2>\t\t\t\t<\/div>\n\t\t\t\t<\/div>\n\t\t\t\t\t<\/div>\n\t\t<\/div>\n\t\t\t\t\t<\/div>\n\t\t<\/section>\n\t\t\t\t<section class=\"elementor-section elementor-top-section elementor-element elementor-element-29aac27 elementor-section-height-min-height elementor-section-boxed elementor-section-height-default elementor-section-items-middle wpr-particle-no wpr-jarallax-no wpr-parallax-no wpr-sticky-section-no wpr-equal-height-no\" data-id=\"29aac27\" data-element_type=\"section\" data-e-type=\"section\">\n\t\t\t\t\t\t<div class=\"elementor-container elementor-column-gap-default\">\n\t\t\t\t\t<div class=\"elementor-column elementor-col-33 elementor-top-column elementor-element elementor-element-28f3a09\" data-id=\"28f3a09\" data-element_type=\"column\" data-e-type=\"column\" data-settings=\"{&quot;background_background&quot;:&quot;classic&quot;}\">\n\t\t\t<div class=\"elementor-widget-wrap elementor-element-populated\">\n\t\t\t\t\t\t<div class=\"elementor-element elementor-element-c609e63 elementor-widget elementor-widget-image\" data-id=\"c609e63\" data-element_type=\"widget\" data-e-type=\"widget\" data-widget_type=\"image.default\">\n\t\t\t\t<div class=\"elementor-widget-container\">\n\t\t\t\t\t\t\t\t\t\t\t\t\t\t\t\t<a href=\"https:\/\/www.laurenceesnolgallery.com\/en\/artists\/h-craig-hanna\/oil-on-wood\">\n\t\t\t\t\t\t\t<img loading=\"lazy\" decoding=\"async\" width=\"191\" height=\"221\" src=\"https:\/\/www.laurenceesnolgallery.com\/wp-content\/uploads\/2023\/04\/5-mod.jpg\" class=\"attachment-large size-large wp-image-6826\" alt=\"\" \/>\t\t\t\t\t\t\t\t<\/a>\n\t\t\t\t\t\t\t\t\t\t\t\t\t\t\t<\/div>\n\t\t\t\t<\/div>\n\t\t\t\t<div class=\"elementor-element elementor-element-66c2e21 elementor-widget elementor-widget-heading\" data-id=\"66c2e21\" data-element_type=\"widget\" data-e-type=\"widget\" data-widget_type=\"heading.default\">\n\t\t\t\t<div class=\"elementor-widget-container\">\n\t\t\t\t\t<h2 class=\"elementor-heading-title elementor-size-default\">Oil on Wood<\/h2>\t\t\t\t<\/div>\n\t\t\t\t<\/div>\n\t\t\t\t\t<\/div>\n\t\t<\/div>\n\t\t\t\t<div class=\"elementor-column elementor-col-33 elementor-top-column elementor-element elementor-element-316ec12\" data-id=\"316ec12\" data-element_type=\"column\" data-e-type=\"column\" data-settings=\"{&quot;background_background&quot;:&quot;classic&quot;}\">\n\t\t\t<div class=\"elementor-widget-wrap elementor-element-populated\">\n\t\t\t\t\t\t<div class=\"elementor-element elementor-element-d93e118 elementor-widget elementor-widget-image\" data-id=\"d93e118\" data-element_type=\"widget\" data-e-type=\"widget\" data-widget_type=\"image.default\">\n\t\t\t\t<div class=\"elementor-widget-container\">\n\t\t\t\t\t\t\t\t\t\t\t\t\t\t\t\t<a href=\"https:\/\/www.laurenceesnolgallery.com\/en\/artists\/h-craig-hanna\/oil-on-canvas\">\n\t\t\t\t\t\t\t<img loading=\"lazy\" decoding=\"async\" width=\"191\" height=\"221\" src=\"https:\/\/www.laurenceesnolgallery.com\/wp-content\/uploads\/2023\/04\/6-mod.jpg\" class=\"attachment-large size-large wp-image-6827\" alt=\"\" \/>\t\t\t\t\t\t\t\t<\/a>\n\t\t\t\t\t\t\t\t\t\t\t\t\t\t\t<\/div>\n\t\t\t\t<\/div>\n\t\t\t\t<div class=\"elementor-element elementor-element-4f8f79c elementor-widget elementor-widget-heading\" data-id=\"4f8f79c\" data-element_type=\"widget\" data-e-type=\"widget\" data-widget_type=\"heading.default\">\n\t\t\t\t<div class=\"elementor-widget-container\">\n\t\t\t\t\t<h2 class=\"elementor-heading-title elementor-size-default\">Oil on Canvas<\/h2>\t\t\t\t<\/div>\n\t\t\t\t<\/div>\n\t\t\t\t\t<\/div>\n\t\t<\/div>\n\t\t\t\t<div class=\"elementor-column elementor-col-33 elementor-top-column elementor-element elementor-element-d42fad3\" data-id=\"d42fad3\" data-element_type=\"column\" data-e-type=\"column\" data-settings=\"{&quot;background_background&quot;:&quot;classic&quot;}\">\n\t\t\t<div class=\"elementor-widget-wrap elementor-element-populated\">\n\t\t\t\t\t\t<div class=\"elementor-element elementor-element-3e5adee elementor-widget elementor-widget-image\" data-id=\"3e5adee\" data-element_type=\"widget\" data-e-type=\"widget\" data-widget_type=\"image.default\">\n\t\t\t\t<div class=\"elementor-widget-container\">\n\t\t\t\t\t\t\t\t\t\t\t\t\t\t\t\t<a href=\"https:\/\/www.laurenceesnolgallery.com\/en\/artists\/h-craig-hanna\/drawing\">\n\t\t\t\t\t\t\t<img loading=\"lazy\" decoding=\"async\" width=\"191\" height=\"221\" src=\"https:\/\/www.laurenceesnolgallery.com\/wp-content\/uploads\/2023\/04\/7-mod.jpg\" class=\"attachment-large size-large wp-image-6828\" alt=\"\" \/>\t\t\t\t\t\t\t\t<\/a>\n\t\t\t\t\t\t\t\t\t\t\t\t\t\t\t<\/div>\n\t\t\t\t<\/div>\n\t\t\t\t<div class=\"elementor-element elementor-element-1288874 elementor-widget elementor-widget-heading\" data-id=\"1288874\" data-element_type=\"widget\" data-e-type=\"widget\" data-widget_type=\"heading.default\">\n\t\t\t\t<div class=\"elementor-widget-container\">\n\t\t\t\t\t<h2 class=\"elementor-heading-title elementor-size-default\">Fine Art Drawings<\/h2>\t\t\t\t<\/div>\n\t\t\t\t<\/div>\n\t\t\t\t\t<\/div>\n\t\t<\/div>\n\t\t\t\t\t<\/div>\n\t\t<\/section>\n\t\t\t\t<section class=\"elementor-section elementor-top-section elementor-element elementor-element-287823b elementor-hidden-desktop elementor-hidden-tablet elementor-hidden-mobile elementor-section-boxed elementor-section-height-default elementor-section-height-default wpr-particle-no wpr-jarallax-no wpr-parallax-no wpr-sticky-section-no wpr-equal-height-no\" data-id=\"287823b\" data-element_type=\"section\" data-e-type=\"section\">\n\t\t\t\t\t\t<div class=\"elementor-container elementor-column-gap-default\">\n\t\t\t\t\t<div class=\"elementor-column elementor-col-50 elementor-top-column elementor-element elementor-element-7effbfc\" data-id=\"7effbfc\" data-element_type=\"column\" data-e-type=\"column\" data-settings=\"{&quot;background_background&quot;:&quot;classic&quot;}\">\n\t\t\t<div class=\"elementor-widget-wrap elementor-element-populated\">\n\t\t\t\t\t\t<div class=\"elementor-element elementor-element-24f03b0 elementor-widget elementor-widget-image\" data-id=\"24f03b0\" data-element_type=\"widget\" data-e-type=\"widget\" data-widget_type=\"image.default\">\n\t\t\t\t<div class=\"elementor-widget-container\">\n\t\t\t\t\t\t\t\t\t\t\t\t\t\t\t\t<a href=\"https:\/\/www.laurenceesnolgallery.com\/editions-limitees-h-craig-hanna\/\">\n\t\t\t\t\t\t\t<img loading=\"lazy\" decoding=\"async\" width=\"191\" height=\"221\" src=\"https:\/\/www.laurenceesnolgallery.com\/wp-content\/uploads\/2023\/04\/2-mod.jpg\" class=\"attachment-large size-large wp-image-6824\" alt=\"\" \/>\t\t\t\t\t\t\t\t<\/a>\n\t\t\t\t\t\t\t\t\t\t\t\t\t\t\t<\/div>\n\t\t\t\t<\/div>\n\t\t\t\t<div class=\"elementor-element elementor-element-4377337 elementor-widget elementor-widget-heading\" data-id=\"4377337\" data-element_type=\"widget\" data-e-type=\"widget\" data-widget_type=\"heading.default\">\n\t\t\t\t<div class=\"elementor-widget-container\">\n\t\t\t\t\t<h2 class=\"elementor-heading-title elementor-size-default\">\u00c9dition limit\u00e9es<\/h2>\t\t\t\t<\/div>\n\t\t\t\t<\/div>\n\t\t\t\t\t<\/div>\n\t\t<\/div>\n\t\t\t\t<div class=\"elementor-column elementor-col-50 elementor-top-column elementor-element elementor-element-11cdd11\" data-id=\"11cdd11\" data-element_type=\"column\" data-e-type=\"column\">\n\t\t\t<div class=\"elementor-widget-wrap\">\n\t\t\t\t\t\t\t<\/div>\n\t\t<\/div>\n\t\t\t\t\t<\/div>\n\t\t<\/section>\n\t\t\t\t<\/div>\n\t\t","protected":false},"excerpt":{"rendered":"<p>Biography Artworks Perspex Oil on Wood Oil on Canvas Fine Art Drawings \u00c9dition limit\u00e9es<\/p>\n","protected":false},"author":3,"featured_media":0,"parent":8823,"menu_order":0,"comment_status":"closed","ping_status":"closed","template":"elementor_header_footer","meta":{"_acf_changed":false,"footnotes":""},"class_list":["post-9188","page","type-page","status-publish","hentry"],"acf":[],"yoast_head":"<!-- This site is optimized with the Yoast SEO plugin v27.4 - https:\/\/yoast.com\/product\/yoast-seo-wordpress\/ -->\n<title>H Craig HANNA - Laurence Esnol Gallery | Paris, Saint Germain des Pr\u00e9s<\/title>\n<meta name=\"robots\" content=\"index, follow, max-snippet:-1, max-image-preview:large, max-video-preview:-1\" \/>\n<link rel=\"canonical\" href=\"https:\/\/www.laurenceesnolgallery.com\/en\/artists\/h-craig-hanna\/\" \/>\n<meta property=\"og:locale\" content=\"en_US\" \/>\n<meta property=\"og:type\" content=\"article\" \/>\n<meta property=\"og:title\" content=\"H Craig HANNA - Laurence Esnol Gallery | Paris, Saint Germain des Pr\u00e9s\" \/>\n<meta property=\"og:description\" content=\"Biography Artworks Perspex Oil on Wood Oil on Canvas Fine Art Drawings \u00c9dition limit\u00e9es\" \/>\n<meta property=\"og:url\" content=\"https:\/\/www.laurenceesnolgallery.com\/en\/artists\/h-craig-hanna\/\" \/>\n<meta property=\"og:site_name\" content=\"Laurence Esnol Gallery | Paris, Saint Germain des Pr\u00e9s\" \/>\n<meta property=\"article:modified_time\" content=\"2023-10-19T09:47:17+00:00\" \/>\n<meta property=\"og:image\" content=\"https:\/\/www.laurenceesnolgallery.com\/wp-content\/uploads\/2023\/04\/1-mod.jpg\" \/>\n<meta name=\"twitter:card\" content=\"summary_large_image\" \/>\n<meta name=\"twitter:label1\" content=\"Est. reading time\" \/>\n\t<meta name=\"twitter:data1\" content=\"2 minutes\" \/>\n<script type=\"application\/ld+json\" class=\"yoast-schema-graph\">{\"@context\":\"https:\\\/\\\/schema.org\",\"@graph\":[{\"@type\":\"WebPage\",\"@id\":\"https:\\\/\\\/www.laurenceesnolgallery.com\\\/en\\\/artists\\\/h-craig-hanna\\\/\",\"url\":\"https:\\\/\\\/www.laurenceesnolgallery.com\\\/en\\\/artists\\\/h-craig-hanna\\\/\",\"name\":\"H Craig HANNA - Laurence Esnol Gallery | Paris, Saint Germain des Pr\u00e9s\",\"isPartOf\":{\"@id\":\"https:\\\/\\\/www.laurenceesnolgallery.com\\\/en\\\/#website\"},\"primaryImageOfPage\":{\"@id\":\"https:\\\/\\\/www.laurenceesnolgallery.com\\\/en\\\/artists\\\/h-craig-hanna\\\/#primaryimage\"},\"image\":{\"@id\":\"https:\\\/\\\/www.laurenceesnolgallery.com\\\/en\\\/artists\\\/h-craig-hanna\\\/#primaryimage\"},\"thumbnailUrl\":\"https:\\\/\\\/www.laurenceesnolgallery.com\\\/wp-content\\\/uploads\\\/2023\\\/04\\\/1-mod.jpg\",\"datePublished\":\"2023-04-11T14:12:17+00:00\",\"dateModified\":\"2023-10-19T09:47:17+00:00\",\"breadcrumb\":{\"@id\":\"https:\\\/\\\/www.laurenceesnolgallery.com\\\/en\\\/artists\\\/h-craig-hanna\\\/#breadcrumb\"},\"inLanguage\":\"en-US\",\"potentialAction\":[{\"@type\":\"ReadAction\",\"target\":[\"https:\\\/\\\/www.laurenceesnolgallery.com\\\/en\\\/artists\\\/h-craig-hanna\\\/\"]}]},{\"@type\":\"ImageObject\",\"inLanguage\":\"en-US\",\"@id\":\"https:\\\/\\\/www.laurenceesnolgallery.com\\\/en\\\/artists\\\/h-craig-hanna\\\/#primaryimage\",\"url\":\"https:\\\/\\\/www.laurenceesnolgallery.com\\\/wp-content\\\/uploads\\\/2023\\\/04\\\/1-mod.jpg\",\"contentUrl\":\"https:\\\/\\\/www.laurenceesnolgallery.com\\\/wp-content\\\/uploads\\\/2023\\\/04\\\/1-mod.jpg\"},{\"@type\":\"BreadcrumbList\",\"@id\":\"https:\\\/\\\/www.laurenceesnolgallery.com\\\/en\\\/artists\\\/h-craig-hanna\\\/#breadcrumb\",\"itemListElement\":[{\"@type\":\"ListItem\",\"position\":1,\"name\":\"Home\",\"item\":\"https:\\\/\\\/www.laurenceesnolgallery.com\\\/en\\\/\"},{\"@type\":\"ListItem\",\"position\":2,\"name\":\"Artists\",\"item\":\"https:\\\/\\\/www.laurenceesnolgallery.com\\\/en\\\/artists\\\/\"},{\"@type\":\"ListItem\",\"position\":3,\"name\":\"H Craig HANNA\"}]},{\"@type\":\"WebSite\",\"@id\":\"https:\\\/\\\/www.laurenceesnolgallery.com\\\/en\\\/#website\",\"url\":\"https:\\\/\\\/www.laurenceesnolgallery.com\\\/en\\\/\",\"name\":\"Laurence Esnol Gallery | Paris, Saint Germain des Pr\u00e9s\",\"description\":\"Gallerie d&#039;Art \u00e0 Paris\",\"potentialAction\":[{\"@type\":\"SearchAction\",\"target\":{\"@type\":\"EntryPoint\",\"urlTemplate\":\"https:\\\/\\\/www.laurenceesnolgallery.com\\\/en\\\/?s={search_term_string}\"},\"query-input\":{\"@type\":\"PropertyValueSpecification\",\"valueRequired\":true,\"valueName\":\"search_term_string\"}}],\"inLanguage\":\"en-US\"}]}<\/script>\n<!-- \/ Yoast SEO plugin. -->","yoast_head_json":{"title":"H Craig HANNA - Laurence Esnol Gallery | Paris, Saint Germain des Pr\u00e9s","robots":{"index":"index","follow":"follow","max-snippet":"max-snippet:-1","max-image-preview":"max-image-preview:large","max-video-preview":"max-video-preview:-1"},"canonical":"https:\/\/www.laurenceesnolgallery.com\/en\/artists\/h-craig-hanna\/","og_locale":"en_US","og_type":"article","og_title":"H Craig HANNA - Laurence Esnol Gallery | Paris, Saint Germain des Pr\u00e9s","og_description":"Biography Artworks Perspex Oil on Wood Oil on Canvas Fine Art Drawings \u00c9dition limit\u00e9es","og_url":"https:\/\/www.laurenceesnolgallery.com\/en\/artists\/h-craig-hanna\/","og_site_name":"Laurence Esnol Gallery | Paris, Saint Germain des Pr\u00e9s","article_modified_time":"2023-10-19T09:47:17+00:00","og_image":[{"url":"https:\/\/www.laurenceesnolgallery.com\/wp-content\/uploads\/2023\/04\/1-mod.jpg","type":"","width":"","height":""}],"twitter_card":"summary_large_image","twitter_misc":{"Est. reading time":"2 minutes"},"schema":{"@context":"https:\/\/schema.org","@graph":[{"@type":"WebPage","@id":"https:\/\/www.laurenceesnolgallery.com\/en\/artists\/h-craig-hanna\/","url":"https:\/\/www.laurenceesnolgallery.com\/en\/artists\/h-craig-hanna\/","name":"H Craig HANNA - Laurence Esnol Gallery | Paris, Saint Germain des Pr\u00e9s","isPartOf":{"@id":"https:\/\/www.laurenceesnolgallery.com\/en\/#website"},"primaryImageOfPage":{"@id":"https:\/\/www.laurenceesnolgallery.com\/en\/artists\/h-craig-hanna\/#primaryimage"},"image":{"@id":"https:\/\/www.laurenceesnolgallery.com\/en\/artists\/h-craig-hanna\/#primaryimage"},"thumbnailUrl":"https:\/\/www.laurenceesnolgallery.com\/wp-content\/uploads\/2023\/04\/1-mod.jpg","datePublished":"2023-04-11T14:12:17+00:00","dateModified":"2023-10-19T09:47:17+00:00","breadcrumb":{"@id":"https:\/\/www.laurenceesnolgallery.com\/en\/artists\/h-craig-hanna\/#breadcrumb"},"inLanguage":"en-US","potentialAction":[{"@type":"ReadAction","target":["https:\/\/www.laurenceesnolgallery.com\/en\/artists\/h-craig-hanna\/"]}]},{"@type":"ImageObject","inLanguage":"en-US","@id":"https:\/\/www.laurenceesnolgallery.com\/en\/artists\/h-craig-hanna\/#primaryimage","url":"https:\/\/www.laurenceesnolgallery.com\/wp-content\/uploads\/2023\/04\/1-mod.jpg","contentUrl":"https:\/\/www.laurenceesnolgallery.com\/wp-content\/uploads\/2023\/04\/1-mod.jpg"},{"@type":"BreadcrumbList","@id":"https:\/\/www.laurenceesnolgallery.com\/en\/artists\/h-craig-hanna\/#breadcrumb","itemListElement":[{"@type":"ListItem","position":1,"name":"Home","item":"https:\/\/www.laurenceesnolgallery.com\/en\/"},{"@type":"ListItem","position":2,"name":"Artists","item":"https:\/\/www.laurenceesnolgallery.com\/en\/artists\/"},{"@type":"ListItem","position":3,"name":"H Craig HANNA"}]},{"@type":"WebSite","@id":"https:\/\/www.laurenceesnolgallery.com\/en\/#website","url":"https:\/\/www.laurenceesnolgallery.com\/en\/","name":"Laurence Esnol Gallery | Paris, Saint Germain des Pr\u00e9s","description":"Gallerie d&#039;Art \u00e0 Paris","potentialAction":[{"@type":"SearchAction","target":{"@type":"EntryPoint","urlTemplate":"https:\/\/www.laurenceesnolgallery.com\/en\/?s={search_term_string}"},"query-input":{"@type":"PropertyValueSpecification","valueRequired":true,"valueName":"search_term_string"}}],"inLanguage":"en-US"}]}},"_links":{"self":[{"href":"https:\/\/www.laurenceesnolgallery.com\/en\/wp-json\/wp\/v2\/pages\/9188","targetHints":{"allow":["GET"]}}],"collection":[{"href":"https:\/\/www.laurenceesnolgallery.com\/en\/wp-json\/wp\/v2\/pages"}],"about":[{"href":"https:\/\/www.laurenceesnolgallery.com\/en\/wp-json\/wp\/v2\/types\/page"}],"author":[{"embeddable":true,"href":"https:\/\/www.laurenceesnolgallery.com\/en\/wp-json\/wp\/v2\/users\/3"}],"replies":[{"embeddable":true,"href":"https:\/\/www.laurenceesnolgallery.com\/en\/wp-json\/wp\/v2\/comments?post=9188"}],"version-history":[{"count":19,"href":"https:\/\/www.laurenceesnolgallery.com\/en\/wp-json\/wp\/v2\/pages\/9188\/revisions"}],"predecessor-version":[{"id":9259,"href":"https:\/\/www.laurenceesnolgallery.com\/en\/wp-json\/wp\/v2\/pages\/9188\/revisions\/9259"}],"up":[{"embeddable":true,"href":"https:\/\/www.laurenceesnolgallery.com\/en\/wp-json\/wp\/v2\/pages\/8823"}],"wp:attachment":[{"href":"https:\/\/www.laurenceesnolgallery.com\/en\/wp-json\/wp\/v2\/media?parent=9188"}],"curies":[{"name":"wp","href":"https:\/\/api.w.org\/{rel}","templated":true}]}}