{"id":9260,"date":"2023-04-12T16:48:35","date_gmt":"2023-04-12T14:48:35","guid":{"rendered":"https:\/\/www.laurenceesnolgallery.com\/?page_id=9260"},"modified":"2023-10-19T11:53:07","modified_gmt":"2023-10-19T09:53:07","slug":"helene-delmaire","status":"publish","type":"page","link":"https:\/\/www.laurenceesnolgallery.com\/en\/artists\/helene-delmaire\/","title":{"rendered":"H\u00e9l\u00e8ne Delmaire"},"content":{"rendered":"\t\t<div data-elementor-type=\"wp-page\" data-elementor-id=\"9260\" class=\"elementor elementor-9260 elementor-566\" data-elementor-post-type=\"page\">\n\t\t\t\t\t\t<section class=\"elementor-section elementor-top-section elementor-element elementor-element-aabad40 elementor-section-boxed elementor-section-height-default elementor-section-height-default wpr-particle-no wpr-jarallax-no wpr-parallax-no wpr-sticky-section-no wpr-column-slider-no wpr-equal-height-no\" data-id=\"aabad40\" data-element_type=\"section\" data-e-type=\"section\">\n\t\t\t\t\t\t<div class=\"elementor-container elementor-column-gap-default\">\n\t\t\t\t\t<div class=\"elementor-column elementor-col-100 elementor-top-column elementor-element elementor-element-94db4ee\" data-id=\"94db4ee\" data-element_type=\"column\" data-e-type=\"column\">\n\t\t\t<div class=\"elementor-widget-wrap elementor-element-populated\">\n\t\t\t\t\t\t<div class=\"elementor-element elementor-element-8f3f4f6 elementor-widget-divider--view-line_text elementor-widget-divider--element-align-center elementor-widget elementor-widget-divider\" data-id=\"8f3f4f6\" data-element_type=\"widget\" data-e-type=\"widget\" data-widget_type=\"divider.default\">\n\t\t\t\t<div class=\"elementor-widget-container\">\n\t\t\t\t\t\t\t<div class=\"elementor-divider\">\n\t\t\t<span class=\"elementor-divider-separator\">\n\t\t\t\t\t\t\t<span class=\"elementor-divider__text elementor-divider__element\">\n\t\t\t\t H\u00e9l\u00e8ne Delmaire \t\t\t\t<\/span>\n\t\t\t\t\t\t<\/span>\n\t\t<\/div>\n\t\t\t\t\t\t<\/div>\n\t\t\t\t<\/div>\n\t\t\t\t\t<\/div>\n\t\t<\/div>\n\t\t\t\t\t<\/div>\n\t\t<\/section>\n\t\t\t\t<section class=\"elementor-section elementor-top-section elementor-element elementor-element-c1af04d elementor-section-boxed elementor-section-height-default elementor-section-height-default wpr-particle-no wpr-jarallax-no wpr-parallax-no wpr-sticky-section-no wpr-column-slider-no wpr-equal-height-no\" data-id=\"c1af04d\" data-element_type=\"section\" data-e-type=\"section\">\n\t\t\t\t\t\t<div class=\"elementor-container elementor-column-gap-wider\">\n\t\t\t\t\t<div class=\"elementor-column elementor-col-50 elementor-top-column elementor-element elementor-element-aa9c7bf\" data-id=\"aa9c7bf\" data-element_type=\"column\" data-e-type=\"column\">\n\t\t\t<div class=\"elementor-widget-wrap elementor-element-populated\">\n\t\t\t\t\t\t<div class=\"elementor-element elementor-element-75661ce elementor-widget elementor-widget-image\" data-id=\"75661ce\" data-element_type=\"widget\" data-e-type=\"widget\" data-widget_type=\"image.default\">\n\t\t\t\t<div class=\"elementor-widget-container\">\n\t\t\t\t\t\t\t\t\t\t\t\t\t\t\t\t<a href=\"https:\/\/www.laurenceesnolgallery.com\/en\/artists\/helene-delmaire\/biography\/\">\n\t\t\t\t\t\t\t<img fetchpriority=\"high\" decoding=\"async\" width=\"603\" height=\"800\" src=\"https:\/\/www.laurenceesnolgallery.com\/wp-content\/uploads\/2023\/04\/HD_sans-titre_WEB-e1541265227922-1.jpg\" class=\"attachment-large size-large wp-image-6564\" alt=\"\" srcset=\"https:\/\/www.laurenceesnolgallery.com\/wp-content\/uploads\/2023\/04\/HD_sans-titre_WEB-e1541265227922-1.jpg 603w, https:\/\/www.laurenceesnolgallery.com\/wp-content\/uploads\/2023\/04\/HD_sans-titre_WEB-e1541265227922-1-226x300.jpg 226w\" sizes=\"(max-width: 603px) 100vw, 603px\" \/>\t\t\t\t\t\t\t\t<\/a>\n\t\t\t\t\t\t\t\t\t\t\t\t\t\t\t<\/div>\n\t\t\t\t<\/div>\n\t\t\t\t<div class=\"elementor-element elementor-element-c786d40 elementor-widget elementor-widget-heading\" data-id=\"c786d40\" data-element_type=\"widget\" data-e-type=\"widget\" data-widget_type=\"heading.default\">\n\t\t\t\t<div class=\"elementor-widget-container\">\n\t\t\t\t\t<h2 class=\"elementor-heading-title elementor-size-default\">Biography                                       <\/h2>\t\t\t\t<\/div>\n\t\t\t\t<\/div>\n\t\t\t\t\t<\/div>\n\t\t<\/div>\n\t\t\t\t<div class=\"elementor-column elementor-col-50 elementor-top-column elementor-element elementor-element-8e6f6ca\" data-id=\"8e6f6ca\" data-element_type=\"column\" data-e-type=\"column\">\n\t\t\t<div class=\"elementor-widget-wrap elementor-element-populated\">\n\t\t\t\t\t\t<div class=\"elementor-element elementor-element-47a3158 elementor-widget elementor-widget-image\" data-id=\"47a3158\" data-element_type=\"widget\" data-e-type=\"widget\" data-widget_type=\"image.default\">\n\t\t\t\t<div class=\"elementor-widget-container\">\n\t\t\t\t\t\t\t\t\t\t\t\t\t\t\t\t<a href=\"https:\/\/www.laurenceesnolgallery.com\/en\/artists\/helene-delmaire\/painting\">\n\t\t\t\t\t\t\t<img decoding=\"async\" width=\"593\" height=\"800\" src=\"https:\/\/www.laurenceesnolgallery.com\/wp-content\/uploads\/2023\/04\/HD_Medinilla_WEB-e1541265443954-1.jpg\" class=\"attachment-large size-large wp-image-6556\" alt=\"\" srcset=\"https:\/\/www.laurenceesnolgallery.com\/wp-content\/uploads\/2023\/04\/HD_Medinilla_WEB-e1541265443954-1.jpg 593w, https:\/\/www.laurenceesnolgallery.com\/wp-content\/uploads\/2023\/04\/HD_Medinilla_WEB-e1541265443954-1-222x300.jpg 222w\" sizes=\"(max-width: 593px) 100vw, 593px\" \/>\t\t\t\t\t\t\t\t<\/a>\n\t\t\t\t\t\t\t\t\t\t\t\t\t\t\t<\/div>\n\t\t\t\t<\/div>\n\t\t\t\t<div class=\"elementor-element elementor-element-ce123d3 elementor-widget elementor-widget-heading\" data-id=\"ce123d3\" data-element_type=\"widget\" data-e-type=\"widget\" data-widget_type=\"heading.default\">\n\t\t\t\t<div class=\"elementor-widget-container\">\n\t\t\t\t\t<h2 class=\"elementor-heading-title elementor-size-default\">Painting<\/h2>\t\t\t\t<\/div>\n\t\t\t\t<\/div>\n\t\t\t\t\t<\/div>\n\t\t<\/div>\n\t\t\t\t\t<\/div>\n\t\t<\/section>\n\t\t\t\t<section class=\"elementor-section elementor-top-section elementor-element elementor-element-79c39ca elementor-hidden-desktop elementor-hidden-tablet elementor-hidden-mobile elementor-section-boxed elementor-section-height-default elementor-section-height-default wpr-particle-no wpr-jarallax-no wpr-parallax-no wpr-sticky-section-no wpr-column-slider-no wpr-equal-height-no\" data-id=\"79c39ca\" data-element_type=\"section\" data-e-type=\"section\">\n\t\t\t\t\t\t<div class=\"elementor-container elementor-column-gap-wider\">\n\t\t\t\t\t<div class=\"elementor-column elementor-col-33 elementor-top-column elementor-element elementor-element-8244303\" data-id=\"8244303\" data-element_type=\"column\" data-e-type=\"column\">\n\t\t\t<div class=\"elementor-widget-wrap elementor-element-populated\">\n\t\t\t\t\t\t<div class=\"elementor-element elementor-element-7748671 elementor-widget elementor-widget-image\" data-id=\"7748671\" data-element_type=\"widget\" data-e-type=\"widget\" data-widget_type=\"image.default\">\n\t\t\t\t<div class=\"elementor-widget-container\">\n\t\t\t\t\t\t\t\t\t\t\t\t\t\t\t\t<a href=\"https:\/\/www.laurenceesnolgallery.com\/artistes\/helene-delmaire\/biographie-helene-delmaire\/\">\n\t\t\t\t\t\t\t<img fetchpriority=\"high\" decoding=\"async\" width=\"603\" height=\"800\" src=\"https:\/\/www.laurenceesnolgallery.com\/wp-content\/uploads\/2023\/04\/HD_sans-titre_WEB-e1541265227922-1.jpg\" class=\"attachment-large size-large wp-image-6564\" alt=\"\" srcset=\"https:\/\/www.laurenceesnolgallery.com\/wp-content\/uploads\/2023\/04\/HD_sans-titre_WEB-e1541265227922-1.jpg 603w, https:\/\/www.laurenceesnolgallery.com\/wp-content\/uploads\/2023\/04\/HD_sans-titre_WEB-e1541265227922-1-226x300.jpg 226w\" sizes=\"(max-width: 603px) 100vw, 603px\" \/>\t\t\t\t\t\t\t\t<\/a>\n\t\t\t\t\t\t\t\t\t\t\t\t\t\t\t<\/div>\n\t\t\t\t<\/div>\n\t\t\t\t\t<\/div>\n\t\t<\/div>\n\t\t\t\t<div class=\"elementor-column elementor-col-33 elementor-top-column elementor-element elementor-element-a3030aa\" data-id=\"a3030aa\" data-element_type=\"column\" data-e-type=\"column\">\n\t\t\t<div class=\"elementor-widget-wrap elementor-element-populated\">\n\t\t\t\t\t\t<div class=\"elementor-element elementor-element-019bd9a elementor-widget elementor-widget-image\" data-id=\"019bd9a\" data-element_type=\"widget\" data-e-type=\"widget\" data-widget_type=\"image.default\">\n\t\t\t\t<div class=\"elementor-widget-container\">\n\t\t\t\t\t\t\t\t\t\t\t\t\t\t\t\t<a href=\"https:\/\/www.laurenceesnolgallery.com\/artistes\/helene-delmaire\/exposition-helene-delmaire\/\">\n\t\t\t\t\t\t\t<img decoding=\"async\" width=\"420\" height=\"567\" src=\"https:\/\/www.laurenceesnolgallery.com\/wp-content\/uploads\/2023\/04\/HD_Slumber_web.jpg\" class=\"attachment-large size-large wp-image-6560\" alt=\"\" srcset=\"https:\/\/www.laurenceesnolgallery.com\/wp-content\/uploads\/2023\/04\/HD_Slumber_web.jpg 420w, https:\/\/www.laurenceesnolgallery.com\/wp-content\/uploads\/2023\/04\/HD_Slumber_web-222x300.jpg 222w\" sizes=\"(max-width: 420px) 100vw, 420px\" \/>\t\t\t\t\t\t\t\t<\/a>\n\t\t\t\t\t\t\t\t\t\t\t\t\t\t\t<\/div>\n\t\t\t\t<\/div>\n\t\t\t\t\t<\/div>\n\t\t<\/div>\n\t\t\t\t<div class=\"elementor-column elementor-col-33 elementor-top-column elementor-element elementor-element-ef0d529\" data-id=\"ef0d529\" data-element_type=\"column\" data-e-type=\"column\">\n\t\t\t<div class=\"elementor-widget-wrap elementor-element-populated\">\n\t\t\t\t\t\t<div class=\"elementor-element elementor-element-803ac8d elementor-widget elementor-widget-image\" data-id=\"803ac8d\" data-element_type=\"widget\" data-e-type=\"widget\" data-widget_type=\"image.default\">\n\t\t\t\t<div class=\"elementor-widget-container\">\n\t\t\t\t\t\t\t\t\t\t\t\t\t\t\t\t<a href=\"https:\/\/www.laurenceesnolgallery.com\/artistes\/helene-delmaire\/peintures-helene-delmaire\/\">\n\t\t\t\t\t\t\t<img decoding=\"async\" width=\"593\" height=\"800\" src=\"https:\/\/www.laurenceesnolgallery.com\/wp-content\/uploads\/2023\/04\/HD_Medinilla_WEB-e1541265443954-1.jpg\" class=\"attachment-large size-large wp-image-6556\" alt=\"\" srcset=\"https:\/\/www.laurenceesnolgallery.com\/wp-content\/uploads\/2023\/04\/HD_Medinilla_WEB-e1541265443954-1.jpg 593w, https:\/\/www.laurenceesnolgallery.com\/wp-content\/uploads\/2023\/04\/HD_Medinilla_WEB-e1541265443954-1-222x300.jpg 222w\" sizes=\"(max-width: 593px) 100vw, 593px\" \/>\t\t\t\t\t\t\t\t<\/a>\n\t\t\t\t\t\t\t\t\t\t\t\t\t\t\t<\/div>\n\t\t\t\t<\/div>\n\t\t\t\t\t<\/div>\n\t\t<\/div>\n\t\t\t\t\t<\/div>\n\t\t<\/section>\n\t\t\t\t<\/div>\n\t\t","protected":false},"excerpt":{"rendered":"<p>H\u00e9l\u00e8ne Delmaire Biography Painting<\/p>\n","protected":false},"author":3,"featured_media":0,"parent":8823,"menu_order":0,"comment_status":"closed","ping_status":"closed","template":"","meta":{"_acf_changed":false,"footnotes":""},"class_list":["post-9260","page","type-page","status-publish","hentry"],"acf":[],"yoast_head":"<!-- This site is optimized with the Yoast SEO plugin v27.6 - https:\/\/yoast.com\/product\/yoast-seo-wordpress\/ -->\n<title>H\u00e9l\u00e8ne Delmaire - Laurence Esnol Gallery | Paris, Saint Germain des Pr\u00e9s<\/title>\n<meta name=\"robots\" content=\"index, follow, max-snippet:-1, max-image-preview:large, max-video-preview:-1\" \/>\n<link rel=\"canonical\" href=\"https:\/\/www.laurenceesnolgallery.com\/en\/artists\/helene-delmaire\/\" \/>\n<meta property=\"og:locale\" content=\"en_US\" \/>\n<meta property=\"og:type\" content=\"article\" \/>\n<meta property=\"og:title\" content=\"H\u00e9l\u00e8ne Delmaire - Laurence Esnol Gallery | Paris, Saint Germain des Pr\u00e9s\" \/>\n<meta property=\"og:description\" content=\"H\u00e9l\u00e8ne Delmaire Biography Painting\" \/>\n<meta property=\"og:url\" content=\"https:\/\/www.laurenceesnolgallery.com\/en\/artists\/helene-delmaire\/\" \/>\n<meta property=\"og:site_name\" content=\"Laurence Esnol Gallery | Paris, Saint Germain des Pr\u00e9s\" \/>\n<meta property=\"article:modified_time\" content=\"2023-10-19T09:53:07+00:00\" \/>\n<meta property=\"og:image\" content=\"https:\/\/www.laurenceesnolgallery.com\/wp-content\/uploads\/2023\/04\/HD_sans-titre_WEB-e1541265227922-1.jpg\" \/>\n<meta name=\"twitter:card\" content=\"summary_large_image\" \/>\n<meta name=\"twitter:label1\" content=\"Est. reading time\" \/>\n\t<meta name=\"twitter:data1\" content=\"2 minutes\" \/>\n<script type=\"application\/ld+json\" class=\"yoast-schema-graph\">{\"@context\":\"https:\\\/\\\/schema.org\",\"@graph\":[{\"@type\":\"WebPage\",\"@id\":\"https:\\\/\\\/www.laurenceesnolgallery.com\\\/en\\\/artists\\\/helene-delmaire\\\/\",\"url\":\"https:\\\/\\\/www.laurenceesnolgallery.com\\\/en\\\/artists\\\/helene-delmaire\\\/\",\"name\":\"H\u00e9l\u00e8ne Delmaire - Laurence Esnol Gallery | Paris, Saint Germain des Pr\u00e9s\",\"isPartOf\":{\"@id\":\"https:\\\/\\\/www.laurenceesnolgallery.com\\\/en\\\/#website\"},\"primaryImageOfPage\":{\"@id\":\"https:\\\/\\\/www.laurenceesnolgallery.com\\\/en\\\/artists\\\/helene-delmaire\\\/#primaryimage\"},\"image\":{\"@id\":\"https:\\\/\\\/www.laurenceesnolgallery.com\\\/en\\\/artists\\\/helene-delmaire\\\/#primaryimage\"},\"thumbnailUrl\":\"https:\\\/\\\/www.laurenceesnolgallery.com\\\/wp-content\\\/uploads\\\/2023\\\/04\\\/HD_sans-titre_WEB-e1541265227922-1.jpg\",\"datePublished\":\"2023-04-12T14:48:35+00:00\",\"dateModified\":\"2023-10-19T09:53:07+00:00\",\"breadcrumb\":{\"@id\":\"https:\\\/\\\/www.laurenceesnolgallery.com\\\/en\\\/artists\\\/helene-delmaire\\\/#breadcrumb\"},\"inLanguage\":\"en-US\",\"potentialAction\":[{\"@type\":\"ReadAction\",\"target\":[\"https:\\\/\\\/www.laurenceesnolgallery.com\\\/en\\\/artists\\\/helene-delmaire\\\/\"]}]},{\"@type\":\"ImageObject\",\"inLanguage\":\"en-US\",\"@id\":\"https:\\\/\\\/www.laurenceesnolgallery.com\\\/en\\\/artists\\\/helene-delmaire\\\/#primaryimage\",\"url\":\"https:\\\/\\\/www.laurenceesnolgallery.com\\\/wp-content\\\/uploads\\\/2023\\\/04\\\/HD_sans-titre_WEB-e1541265227922-1.jpg\",\"contentUrl\":\"https:\\\/\\\/www.laurenceesnolgallery.com\\\/wp-content\\\/uploads\\\/2023\\\/04\\\/HD_sans-titre_WEB-e1541265227922-1.jpg\"},{\"@type\":\"BreadcrumbList\",\"@id\":\"https:\\\/\\\/www.laurenceesnolgallery.com\\\/en\\\/artists\\\/helene-delmaire\\\/#breadcrumb\",\"itemListElement\":[{\"@type\":\"ListItem\",\"position\":1,\"name\":\"Home\",\"item\":\"https:\\\/\\\/www.laurenceesnolgallery.com\\\/en\\\/\"},{\"@type\":\"ListItem\",\"position\":2,\"name\":\"Artists\",\"item\":\"https:\\\/\\\/www.laurenceesnolgallery.com\\\/en\\\/artists\\\/\"},{\"@type\":\"ListItem\",\"position\":3,\"name\":\"H\u00e9l\u00e8ne Delmaire\"}]},{\"@type\":\"WebSite\",\"@id\":\"https:\\\/\\\/www.laurenceesnolgallery.com\\\/en\\\/#website\",\"url\":\"https:\\\/\\\/www.laurenceesnolgallery.com\\\/en\\\/\",\"name\":\"Laurence Esnol Gallery | Paris, Saint Germain des Pr\u00e9s\",\"description\":\"Gallerie d&#039;Art \u00e0 Paris\",\"potentialAction\":[{\"@type\":\"SearchAction\",\"target\":{\"@type\":\"EntryPoint\",\"urlTemplate\":\"https:\\\/\\\/www.laurenceesnolgallery.com\\\/en\\\/?s={search_term_string}\"},\"query-input\":{\"@type\":\"PropertyValueSpecification\",\"valueRequired\":true,\"valueName\":\"search_term_string\"}}],\"inLanguage\":\"en-US\"}]}<\/script>\n<!-- \/ Yoast SEO plugin. -->","yoast_head_json":{"title":"H\u00e9l\u00e8ne Delmaire - Laurence Esnol Gallery | Paris, Saint Germain des Pr\u00e9s","robots":{"index":"index","follow":"follow","max-snippet":"max-snippet:-1","max-image-preview":"max-image-preview:large","max-video-preview":"max-video-preview:-1"},"canonical":"https:\/\/www.laurenceesnolgallery.com\/en\/artists\/helene-delmaire\/","og_locale":"en_US","og_type":"article","og_title":"H\u00e9l\u00e8ne Delmaire - Laurence Esnol Gallery | Paris, Saint Germain des Pr\u00e9s","og_description":"H\u00e9l\u00e8ne Delmaire Biography Painting","og_url":"https:\/\/www.laurenceesnolgallery.com\/en\/artists\/helene-delmaire\/","og_site_name":"Laurence Esnol Gallery | Paris, Saint Germain des Pr\u00e9s","article_modified_time":"2023-10-19T09:53:07+00:00","og_image":[{"url":"https:\/\/www.laurenceesnolgallery.com\/wp-content\/uploads\/2023\/04\/HD_sans-titre_WEB-e1541265227922-1.jpg","type":"","width":"","height":""}],"twitter_card":"summary_large_image","twitter_misc":{"Est. reading time":"2 minutes"},"schema":{"@context":"https:\/\/schema.org","@graph":[{"@type":"WebPage","@id":"https:\/\/www.laurenceesnolgallery.com\/en\/artists\/helene-delmaire\/","url":"https:\/\/www.laurenceesnolgallery.com\/en\/artists\/helene-delmaire\/","name":"H\u00e9l\u00e8ne Delmaire - Laurence Esnol Gallery | Paris, Saint Germain des Pr\u00e9s","isPartOf":{"@id":"https:\/\/www.laurenceesnolgallery.com\/en\/#website"},"primaryImageOfPage":{"@id":"https:\/\/www.laurenceesnolgallery.com\/en\/artists\/helene-delmaire\/#primaryimage"},"image":{"@id":"https:\/\/www.laurenceesnolgallery.com\/en\/artists\/helene-delmaire\/#primaryimage"},"thumbnailUrl":"https:\/\/www.laurenceesnolgallery.com\/wp-content\/uploads\/2023\/04\/HD_sans-titre_WEB-e1541265227922-1.jpg","datePublished":"2023-04-12T14:48:35+00:00","dateModified":"2023-10-19T09:53:07+00:00","breadcrumb":{"@id":"https:\/\/www.laurenceesnolgallery.com\/en\/artists\/helene-delmaire\/#breadcrumb"},"inLanguage":"en-US","potentialAction":[{"@type":"ReadAction","target":["https:\/\/www.laurenceesnolgallery.com\/en\/artists\/helene-delmaire\/"]}]},{"@type":"ImageObject","inLanguage":"en-US","@id":"https:\/\/www.laurenceesnolgallery.com\/en\/artists\/helene-delmaire\/#primaryimage","url":"https:\/\/www.laurenceesnolgallery.com\/wp-content\/uploads\/2023\/04\/HD_sans-titre_WEB-e1541265227922-1.jpg","contentUrl":"https:\/\/www.laurenceesnolgallery.com\/wp-content\/uploads\/2023\/04\/HD_sans-titre_WEB-e1541265227922-1.jpg"},{"@type":"BreadcrumbList","@id":"https:\/\/www.laurenceesnolgallery.com\/en\/artists\/helene-delmaire\/#breadcrumb","itemListElement":[{"@type":"ListItem","position":1,"name":"Home","item":"https:\/\/www.laurenceesnolgallery.com\/en\/"},{"@type":"ListItem","position":2,"name":"Artists","item":"https:\/\/www.laurenceesnolgallery.com\/en\/artists\/"},{"@type":"ListItem","position":3,"name":"H\u00e9l\u00e8ne Delmaire"}]},{"@type":"WebSite","@id":"https:\/\/www.laurenceesnolgallery.com\/en\/#website","url":"https:\/\/www.laurenceesnolgallery.com\/en\/","name":"Laurence Esnol Gallery | Paris, Saint Germain des Pr\u00e9s","description":"Gallerie d&#039;Art \u00e0 Paris","potentialAction":[{"@type":"SearchAction","target":{"@type":"EntryPoint","urlTemplate":"https:\/\/www.laurenceesnolgallery.com\/en\/?s={search_term_string}"},"query-input":{"@type":"PropertyValueSpecification","valueRequired":true,"valueName":"search_term_string"}}],"inLanguage":"en-US"}]}},"_links":{"self":[{"href":"https:\/\/www.laurenceesnolgallery.com\/en\/wp-json\/wp\/v2\/pages\/9260","targetHints":{"allow":["GET"]}}],"collection":[{"href":"https:\/\/www.laurenceesnolgallery.com\/en\/wp-json\/wp\/v2\/pages"}],"about":[{"href":"https:\/\/www.laurenceesnolgallery.com\/en\/wp-json\/wp\/v2\/types\/page"}],"author":[{"embeddable":true,"href":"https:\/\/www.laurenceesnolgallery.com\/en\/wp-json\/wp\/v2\/users\/3"}],"replies":[{"embeddable":true,"href":"https:\/\/www.laurenceesnolgallery.com\/en\/wp-json\/wp\/v2\/comments?post=9260"}],"version-history":[{"count":13,"href":"https:\/\/www.laurenceesnolgallery.com\/en\/wp-json\/wp\/v2\/pages\/9260\/revisions"}],"predecessor-version":[{"id":9284,"href":"https:\/\/www.laurenceesnolgallery.com\/en\/wp-json\/wp\/v2\/pages\/9260\/revisions\/9284"}],"up":[{"embeddable":true,"href":"https:\/\/www.laurenceesnolgallery.com\/en\/wp-json\/wp\/v2\/pages\/8823"}],"wp:attachment":[{"href":"https:\/\/www.laurenceesnolgallery.com\/en\/wp-json\/wp\/v2\/media?parent=9260"}],"curies":[{"name":"wp","href":"https:\/\/api.w.org\/{rel}","templated":true}]}}