{"id":9285,"date":"2023-04-12T16:36:24","date_gmt":"2023-04-12T14:36:24","guid":{"rendered":"https:\/\/www.laurenceesnolgallery.com\/?page_id=9285"},"modified":"2023-10-19T11:56:52","modified_gmt":"2023-10-19T09:56:52","slug":"jeanne-isabelle-corniere","status":"publish","type":"page","link":"https:\/\/www.laurenceesnolgallery.com\/en\/artists\/jeanne-isabelle-corniere\/","title":{"rendered":"Jeanne Isabelle Corni\u00e8re"},"content":{"rendered":"\t\t<div data-elementor-type=\"wp-page\" data-elementor-id=\"9285\" class=\"elementor elementor-9285 elementor-548\" data-elementor-post-type=\"page\">\n\t\t\t\t\t\t<section class=\"elementor-section elementor-top-section elementor-element elementor-element-aabad40 elementor-section-boxed elementor-section-height-default elementor-section-height-default wpr-particle-no wpr-jarallax-no wpr-parallax-no wpr-sticky-section-no wpr-equal-height-no\" data-id=\"aabad40\" data-element_type=\"section\" data-e-type=\"section\">\n\t\t\t\t\t\t<div class=\"elementor-container elementor-column-gap-default\">\n\t\t\t\t\t<div class=\"elementor-column elementor-col-100 elementor-top-column elementor-element elementor-element-94db4ee\" data-id=\"94db4ee\" data-element_type=\"column\" data-e-type=\"column\">\n\t\t\t<div class=\"elementor-widget-wrap elementor-element-populated\">\n\t\t\t\t\t\t<div class=\"elementor-element elementor-element-8f3f4f6 elementor-widget-divider--view-line_text elementor-widget-divider--element-align-center elementor-widget elementor-widget-divider\" data-id=\"8f3f4f6\" data-element_type=\"widget\" data-e-type=\"widget\" data-widget_type=\"divider.default\">\n\t\t\t\t<div class=\"elementor-widget-container\">\n\t\t\t\t\t\t\t<div class=\"elementor-divider\">\n\t\t\t<span class=\"elementor-divider-separator\">\n\t\t\t\t\t\t\t<span class=\"elementor-divider__text elementor-divider__element\">\n\t\t\t\t Jeanne Isabelle Corni\u00e8re \t\t\t\t<\/span>\n\t\t\t\t\t\t<\/span>\n\t\t<\/div>\n\t\t\t\t\t\t<\/div>\n\t\t\t\t<\/div>\n\t\t\t\t\t<\/div>\n\t\t<\/div>\n\t\t\t\t\t<\/div>\n\t\t<\/section>\n\t\t\t\t<section class=\"elementor-section elementor-top-section elementor-element elementor-element-bfb7824 elementor-section-height-min-height elementor-section-boxed elementor-section-height-default elementor-section-items-middle wpr-particle-no wpr-jarallax-no wpr-parallax-no wpr-sticky-section-no wpr-equal-height-no\" data-id=\"bfb7824\" data-element_type=\"section\" data-e-type=\"section\">\n\t\t\t\t\t\t<div class=\"elementor-container elementor-column-gap-default\">\n\t\t\t\t\t<div class=\"elementor-column elementor-col-50 elementor-top-column elementor-element elementor-element-95c5284\" data-id=\"95c5284\" data-element_type=\"column\" data-e-type=\"column\" data-settings=\"{&quot;background_background&quot;:&quot;classic&quot;}\">\n\t\t\t<div class=\"elementor-widget-wrap elementor-element-populated\">\n\t\t\t\t\t\t<div class=\"elementor-element elementor-element-4531b6d elementor-widget elementor-widget-image\" data-id=\"4531b6d\" data-element_type=\"widget\" data-e-type=\"widget\" data-widget_type=\"image.default\">\n\t\t\t\t<div class=\"elementor-widget-container\">\n\t\t\t\t\t\t\t\t\t\t\t\t\t\t\t\t<a href=\"https:\/\/www.laurenceesnolgallery.com\/en\/artists\/jeanne-isabelle-corniere\/biography\">\n\t\t\t\t\t\t\t<img fetchpriority=\"high\" decoding=\"async\" width=\"354\" height=\"634\" src=\"https:\/\/www.laurenceesnolgallery.com\/wp-content\/uploads\/2023\/04\/12240449_10153729444989804_717429654098230235_o.jpg\" class=\"attachment-large size-large wp-image-6542\" alt=\"\" srcset=\"https:\/\/www.laurenceesnolgallery.com\/wp-content\/uploads\/2023\/04\/12240449_10153729444989804_717429654098230235_o.jpg 354w, https:\/\/www.laurenceesnolgallery.com\/wp-content\/uploads\/2023\/04\/12240449_10153729444989804_717429654098230235_o-168x300.jpg 168w\" sizes=\"(max-width: 354px) 100vw, 354px\" \/>\t\t\t\t\t\t\t\t<\/a>\n\t\t\t\t\t\t\t\t\t\t\t\t\t\t\t<\/div>\n\t\t\t\t<\/div>\n\t\t\t\t<div class=\"elementor-element elementor-element-5ffc90f elementor-widget elementor-widget-heading\" data-id=\"5ffc90f\" data-element_type=\"widget\" data-e-type=\"widget\" data-widget_type=\"heading.default\">\n\t\t\t\t<div class=\"elementor-widget-container\">\n\t\t\t\t\t<h2 class=\"elementor-heading-title elementor-size-default\">Biography                                <\/h2>\t\t\t\t<\/div>\n\t\t\t\t<\/div>\n\t\t\t\t\t<\/div>\n\t\t<\/div>\n\t\t\t\t<div class=\"elementor-column elementor-col-50 elementor-top-column elementor-element elementor-element-7fe3ab6\" data-id=\"7fe3ab6\" data-element_type=\"column\" data-e-type=\"column\" data-settings=\"{&quot;background_background&quot;:&quot;classic&quot;}\">\n\t\t\t<div class=\"elementor-widget-wrap elementor-element-populated\">\n\t\t\t\t\t\t<div class=\"elementor-element elementor-element-848cada elementor-widget elementor-widget-image\" data-id=\"848cada\" data-element_type=\"widget\" data-e-type=\"widget\" data-widget_type=\"image.default\">\n\t\t\t\t<div class=\"elementor-widget-container\">\n\t\t\t\t\t\t\t\t\t\t\t\t\t\t\t\t<a href=\"https:\/\/www.laurenceesnolgallery.com\/en\/artists\/jeanne-isabelle-corniere\/sculptures\/\">\n\t\t\t\t\t\t\t<img decoding=\"async\" width=\"706\" height=\"900\" src=\"https:\/\/www.laurenceesnolgallery.com\/wp-content\/uploads\/2023\/04\/Reverie-w.jpg\" class=\"attachment-large size-large wp-image-6547\" alt=\"\" srcset=\"https:\/\/www.laurenceesnolgallery.com\/wp-content\/uploads\/2023\/04\/Reverie-w.jpg 706w, https:\/\/www.laurenceesnolgallery.com\/wp-content\/uploads\/2023\/04\/Reverie-w-235x300.jpg 235w\" sizes=\"(max-width: 706px) 100vw, 706px\" \/>\t\t\t\t\t\t\t\t<\/a>\n\t\t\t\t\t\t\t\t\t\t\t\t\t\t\t<\/div>\n\t\t\t\t<\/div>\n\t\t\t\t<div class=\"elementor-element elementor-element-074fa02 elementor-widget elementor-widget-heading\" data-id=\"074fa02\" data-element_type=\"widget\" data-e-type=\"widget\" data-widget_type=\"heading.default\">\n\t\t\t\t<div class=\"elementor-widget-container\">\n\t\t\t\t\t<h2 class=\"elementor-heading-title elementor-size-default\">Sculpture               <\/h2>\t\t\t\t<\/div>\n\t\t\t\t<\/div>\n\t\t\t\t\t<\/div>\n\t\t<\/div>\n\t\t\t\t\t<\/div>\n\t\t<\/section>\n\t\t\t\t<\/div>\n\t\t","protected":false},"excerpt":{"rendered":"<p>Jeanne Isabelle Corni\u00e8re Biography Sculpture<\/p>\n","protected":false},"author":3,"featured_media":0,"parent":8823,"menu_order":0,"comment_status":"closed","ping_status":"closed","template":"","meta":{"_acf_changed":false,"footnotes":""},"class_list":["post-9285","page","type-page","status-publish","hentry"],"acf":[],"yoast_head":"<!-- This site is optimized with the Yoast SEO plugin v27.4 - https:\/\/yoast.com\/product\/yoast-seo-wordpress\/ -->\n<title>Jeanne Isabelle Corni\u00e8re - Laurence Esnol Gallery | Paris, Saint Germain des Pr\u00e9s<\/title>\n<meta name=\"robots\" content=\"index, follow, max-snippet:-1, max-image-preview:large, max-video-preview:-1\" \/>\n<link rel=\"canonical\" href=\"https:\/\/www.laurenceesnolgallery.com\/en\/artists\/jeanne-isabelle-corniere\/\" \/>\n<meta property=\"og:locale\" content=\"en_US\" \/>\n<meta property=\"og:type\" content=\"article\" \/>\n<meta property=\"og:title\" content=\"Jeanne Isabelle Corni\u00e8re - Laurence Esnol Gallery | Paris, Saint Germain des Pr\u00e9s\" \/>\n<meta property=\"og:description\" content=\"Jeanne Isabelle Corni\u00e8re Biography Sculpture\" \/>\n<meta property=\"og:url\" content=\"https:\/\/www.laurenceesnolgallery.com\/en\/artists\/jeanne-isabelle-corniere\/\" \/>\n<meta property=\"og:site_name\" content=\"Laurence Esnol Gallery | Paris, Saint Germain des Pr\u00e9s\" \/>\n<meta property=\"article:modified_time\" content=\"2023-10-19T09:56:52+00:00\" \/>\n<meta property=\"og:image\" content=\"https:\/\/www.laurenceesnolgallery.com\/wp-content\/uploads\/2023\/04\/12240449_10153729444989804_717429654098230235_o.jpg\" \/>\n<meta name=\"twitter:card\" content=\"summary_large_image\" \/>\n<meta name=\"twitter:label1\" content=\"Est. reading time\" \/>\n\t<meta name=\"twitter:data1\" content=\"1 minute\" \/>\n<script type=\"application\/ld+json\" class=\"yoast-schema-graph\">{\"@context\":\"https:\\\/\\\/schema.org\",\"@graph\":[{\"@type\":\"WebPage\",\"@id\":\"https:\\\/\\\/www.laurenceesnolgallery.com\\\/en\\\/artists\\\/jeanne-isabelle-corniere\\\/\",\"url\":\"https:\\\/\\\/www.laurenceesnolgallery.com\\\/en\\\/artists\\\/jeanne-isabelle-corniere\\\/\",\"name\":\"Jeanne Isabelle Corni\u00e8re - Laurence Esnol Gallery | Paris, Saint Germain des Pr\u00e9s\",\"isPartOf\":{\"@id\":\"https:\\\/\\\/www.laurenceesnolgallery.com\\\/en\\\/#website\"},\"primaryImageOfPage\":{\"@id\":\"https:\\\/\\\/www.laurenceesnolgallery.com\\\/en\\\/artists\\\/jeanne-isabelle-corniere\\\/#primaryimage\"},\"image\":{\"@id\":\"https:\\\/\\\/www.laurenceesnolgallery.com\\\/en\\\/artists\\\/jeanne-isabelle-corniere\\\/#primaryimage\"},\"thumbnailUrl\":\"https:\\\/\\\/www.laurenceesnolgallery.com\\\/wp-content\\\/uploads\\\/2023\\\/04\\\/12240449_10153729444989804_717429654098230235_o.jpg\",\"datePublished\":\"2023-04-12T14:36:24+00:00\",\"dateModified\":\"2023-10-19T09:56:52+00:00\",\"breadcrumb\":{\"@id\":\"https:\\\/\\\/www.laurenceesnolgallery.com\\\/en\\\/artists\\\/jeanne-isabelle-corniere\\\/#breadcrumb\"},\"inLanguage\":\"en-US\",\"potentialAction\":[{\"@type\":\"ReadAction\",\"target\":[\"https:\\\/\\\/www.laurenceesnolgallery.com\\\/en\\\/artists\\\/jeanne-isabelle-corniere\\\/\"]}]},{\"@type\":\"ImageObject\",\"inLanguage\":\"en-US\",\"@id\":\"https:\\\/\\\/www.laurenceesnolgallery.com\\\/en\\\/artists\\\/jeanne-isabelle-corniere\\\/#primaryimage\",\"url\":\"https:\\\/\\\/www.laurenceesnolgallery.com\\\/wp-content\\\/uploads\\\/2023\\\/04\\\/12240449_10153729444989804_717429654098230235_o.jpg\",\"contentUrl\":\"https:\\\/\\\/www.laurenceesnolgallery.com\\\/wp-content\\\/uploads\\\/2023\\\/04\\\/12240449_10153729444989804_717429654098230235_o.jpg\"},{\"@type\":\"BreadcrumbList\",\"@id\":\"https:\\\/\\\/www.laurenceesnolgallery.com\\\/en\\\/artists\\\/jeanne-isabelle-corniere\\\/#breadcrumb\",\"itemListElement\":[{\"@type\":\"ListItem\",\"position\":1,\"name\":\"Home\",\"item\":\"https:\\\/\\\/www.laurenceesnolgallery.com\\\/en\\\/\"},{\"@type\":\"ListItem\",\"position\":2,\"name\":\"Artists\",\"item\":\"https:\\\/\\\/www.laurenceesnolgallery.com\\\/en\\\/artists\\\/\"},{\"@type\":\"ListItem\",\"position\":3,\"name\":\"Jeanne Isabelle Corni\u00e8re\"}]},{\"@type\":\"WebSite\",\"@id\":\"https:\\\/\\\/www.laurenceesnolgallery.com\\\/en\\\/#website\",\"url\":\"https:\\\/\\\/www.laurenceesnolgallery.com\\\/en\\\/\",\"name\":\"Laurence Esnol Gallery | Paris, Saint Germain des Pr\u00e9s\",\"description\":\"Gallerie d&#039;Art \u00e0 Paris\",\"potentialAction\":[{\"@type\":\"SearchAction\",\"target\":{\"@type\":\"EntryPoint\",\"urlTemplate\":\"https:\\\/\\\/www.laurenceesnolgallery.com\\\/en\\\/?s={search_term_string}\"},\"query-input\":{\"@type\":\"PropertyValueSpecification\",\"valueRequired\":true,\"valueName\":\"search_term_string\"}}],\"inLanguage\":\"en-US\"}]}<\/script>\n<!-- \/ Yoast SEO plugin. -->","yoast_head_json":{"title":"Jeanne Isabelle Corni\u00e8re - Laurence Esnol Gallery | Paris, Saint Germain des Pr\u00e9s","robots":{"index":"index","follow":"follow","max-snippet":"max-snippet:-1","max-image-preview":"max-image-preview:large","max-video-preview":"max-video-preview:-1"},"canonical":"https:\/\/www.laurenceesnolgallery.com\/en\/artists\/jeanne-isabelle-corniere\/","og_locale":"en_US","og_type":"article","og_title":"Jeanne Isabelle Corni\u00e8re - Laurence Esnol Gallery | Paris, Saint Germain des Pr\u00e9s","og_description":"Jeanne Isabelle Corni\u00e8re Biography Sculpture","og_url":"https:\/\/www.laurenceesnolgallery.com\/en\/artists\/jeanne-isabelle-corniere\/","og_site_name":"Laurence Esnol Gallery | Paris, Saint Germain des Pr\u00e9s","article_modified_time":"2023-10-19T09:56:52+00:00","og_image":[{"url":"https:\/\/www.laurenceesnolgallery.com\/wp-content\/uploads\/2023\/04\/12240449_10153729444989804_717429654098230235_o.jpg","type":"","width":"","height":""}],"twitter_card":"summary_large_image","twitter_misc":{"Est. reading time":"1 minute"},"schema":{"@context":"https:\/\/schema.org","@graph":[{"@type":"WebPage","@id":"https:\/\/www.laurenceesnolgallery.com\/en\/artists\/jeanne-isabelle-corniere\/","url":"https:\/\/www.laurenceesnolgallery.com\/en\/artists\/jeanne-isabelle-corniere\/","name":"Jeanne Isabelle Corni\u00e8re - Laurence Esnol Gallery | Paris, Saint Germain des Pr\u00e9s","isPartOf":{"@id":"https:\/\/www.laurenceesnolgallery.com\/en\/#website"},"primaryImageOfPage":{"@id":"https:\/\/www.laurenceesnolgallery.com\/en\/artists\/jeanne-isabelle-corniere\/#primaryimage"},"image":{"@id":"https:\/\/www.laurenceesnolgallery.com\/en\/artists\/jeanne-isabelle-corniere\/#primaryimage"},"thumbnailUrl":"https:\/\/www.laurenceesnolgallery.com\/wp-content\/uploads\/2023\/04\/12240449_10153729444989804_717429654098230235_o.jpg","datePublished":"2023-04-12T14:36:24+00:00","dateModified":"2023-10-19T09:56:52+00:00","breadcrumb":{"@id":"https:\/\/www.laurenceesnolgallery.com\/en\/artists\/jeanne-isabelle-corniere\/#breadcrumb"},"inLanguage":"en-US","potentialAction":[{"@type":"ReadAction","target":["https:\/\/www.laurenceesnolgallery.com\/en\/artists\/jeanne-isabelle-corniere\/"]}]},{"@type":"ImageObject","inLanguage":"en-US","@id":"https:\/\/www.laurenceesnolgallery.com\/en\/artists\/jeanne-isabelle-corniere\/#primaryimage","url":"https:\/\/www.laurenceesnolgallery.com\/wp-content\/uploads\/2023\/04\/12240449_10153729444989804_717429654098230235_o.jpg","contentUrl":"https:\/\/www.laurenceesnolgallery.com\/wp-content\/uploads\/2023\/04\/12240449_10153729444989804_717429654098230235_o.jpg"},{"@type":"BreadcrumbList","@id":"https:\/\/www.laurenceesnolgallery.com\/en\/artists\/jeanne-isabelle-corniere\/#breadcrumb","itemListElement":[{"@type":"ListItem","position":1,"name":"Home","item":"https:\/\/www.laurenceesnolgallery.com\/en\/"},{"@type":"ListItem","position":2,"name":"Artists","item":"https:\/\/www.laurenceesnolgallery.com\/en\/artists\/"},{"@type":"ListItem","position":3,"name":"Jeanne Isabelle Corni\u00e8re"}]},{"@type":"WebSite","@id":"https:\/\/www.laurenceesnolgallery.com\/en\/#website","url":"https:\/\/www.laurenceesnolgallery.com\/en\/","name":"Laurence Esnol Gallery | Paris, Saint Germain des Pr\u00e9s","description":"Gallerie d&#039;Art \u00e0 Paris","potentialAction":[{"@type":"SearchAction","target":{"@type":"EntryPoint","urlTemplate":"https:\/\/www.laurenceesnolgallery.com\/en\/?s={search_term_string}"},"query-input":{"@type":"PropertyValueSpecification","valueRequired":true,"valueName":"search_term_string"}}],"inLanguage":"en-US"}]}},"_links":{"self":[{"href":"https:\/\/www.laurenceesnolgallery.com\/en\/wp-json\/wp\/v2\/pages\/9285","targetHints":{"allow":["GET"]}}],"collection":[{"href":"https:\/\/www.laurenceesnolgallery.com\/en\/wp-json\/wp\/v2\/pages"}],"about":[{"href":"https:\/\/www.laurenceesnolgallery.com\/en\/wp-json\/wp\/v2\/types\/page"}],"author":[{"embeddable":true,"href":"https:\/\/www.laurenceesnolgallery.com\/en\/wp-json\/wp\/v2\/users\/3"}],"replies":[{"embeddable":true,"href":"https:\/\/www.laurenceesnolgallery.com\/en\/wp-json\/wp\/v2\/comments?post=9285"}],"version-history":[{"count":7,"href":"https:\/\/www.laurenceesnolgallery.com\/en\/wp-json\/wp\/v2\/pages\/9285\/revisions"}],"predecessor-version":[{"id":9300,"href":"https:\/\/www.laurenceesnolgallery.com\/en\/wp-json\/wp\/v2\/pages\/9285\/revisions\/9300"}],"up":[{"embeddable":true,"href":"https:\/\/www.laurenceesnolgallery.com\/en\/wp-json\/wp\/v2\/pages\/8823"}],"wp:attachment":[{"href":"https:\/\/www.laurenceesnolgallery.com\/en\/wp-json\/wp\/v2\/media?parent=9285"}],"curies":[{"name":"wp","href":"https:\/\/api.w.org\/{rel}","templated":true}]}}