{"id":9309,"date":"2023-06-06T15:08:43","date_gmt":"2023-06-06T13:08:43","guid":{"rendered":"https:\/\/www.laurenceesnolgallery.com\/?page_id=9309"},"modified":"2023-10-19T12:01:03","modified_gmt":"2023-10-19T10:01:03","slug":"biography","status":"publish","type":"page","link":"https:\/\/www.laurenceesnolgallery.com\/en\/artists\/kate-lehman\/biography\/","title":{"rendered":"Kate Lehman Biography"},"content":{"rendered":"\t\t<div data-elementor-type=\"wp-page\" data-elementor-id=\"9309\" class=\"elementor elementor-9309 elementor-2199\" data-elementor-post-type=\"page\">\n\t\t\t\t\t\t<section class=\"elementor-section elementor-top-section elementor-element elementor-element-76b91bc elementor-section-boxed elementor-section-height-default elementor-section-height-default wpr-particle-no wpr-jarallax-no wpr-parallax-no wpr-sticky-section-no wpr-equal-height-no\" data-id=\"76b91bc\" data-element_type=\"section\" data-e-type=\"section\">\n\t\t\t\t\t\t<div class=\"elementor-container elementor-column-gap-default\">\n\t\t\t\t\t<div class=\"elementor-column elementor-col-100 elementor-top-column elementor-element elementor-element-f3f9afd\" data-id=\"f3f9afd\" data-element_type=\"column\" data-e-type=\"column\">\n\t\t\t<div class=\"elementor-widget-wrap elementor-element-populated\">\n\t\t\t\t\t\t<div class=\"elementor-element elementor-element-cf9cd89 elementor-widget-divider--view-line_text elementor-widget-divider--element-align-center elementor-widget elementor-widget-divider\" data-id=\"cf9cd89\" data-element_type=\"widget\" data-e-type=\"widget\" data-widget_type=\"divider.default\">\n\t\t\t\t<div class=\"elementor-widget-container\">\n\t\t\t\t\t\t\t<div class=\"elementor-divider\">\n\t\t\t<span class=\"elementor-divider-separator\">\n\t\t\t\t\t\t\t<span class=\"elementor-divider__text elementor-divider__element\">\n\t\t\t\tBiography\t\t\t\t<\/span>\n\t\t\t\t\t\t<\/span>\n\t\t<\/div>\n\t\t\t\t\t\t<\/div>\n\t\t\t\t<\/div>\n\t\t\t\t\t<\/div>\n\t\t<\/div>\n\t\t\t\t\t<\/div>\n\t\t<\/section>\n\t\t\t\t<section class=\"elementor-section elementor-top-section elementor-element elementor-element-830b0c3 elementor-section-height-min-height elementor-section-items-stretch elementor-section-boxed elementor-section-height-default wpr-particle-no wpr-jarallax-no wpr-parallax-no wpr-sticky-section-no wpr-equal-height-no\" data-id=\"830b0c3\" data-element_type=\"section\" data-e-type=\"section\">\n\t\t\t\t\t\t<div class=\"elementor-container elementor-column-gap-default\">\n\t\t\t\t\t<div class=\"elementor-column elementor-col-50 elementor-top-column elementor-element elementor-element-bd9b5ad\" data-id=\"bd9b5ad\" data-element_type=\"column\" data-e-type=\"column\" data-settings=\"{&quot;background_background&quot;:&quot;classic&quot;}\">\n\t\t\t<div class=\"elementor-widget-wrap elementor-element-populated\">\n\t\t\t\t\t\t<div class=\"elementor-element elementor-element-6fabacd elementor-widget elementor-widget-image\" data-id=\"6fabacd\" data-element_type=\"widget\" data-e-type=\"widget\" data-widget_type=\"image.default\">\n\t\t\t\t<div class=\"elementor-widget-container\">\n\t\t\t\t\t\t\t\t\t\t\t\t\t\t\t<img fetchpriority=\"high\" decoding=\"async\" width=\"580\" height=\"832\" src=\"https:\/\/www.laurenceesnolgallery.com\/wp-content\/uploads\/2023\/04\/Affiche_KateLEHMAN_juillet2017-e1548502491117.jpg\" class=\"attachment-large size-large wp-image-6267\" alt=\"\" srcset=\"https:\/\/www.laurenceesnolgallery.com\/wp-content\/uploads\/2023\/04\/Affiche_KateLEHMAN_juillet2017-e1548502491117.jpg 580w, https:\/\/www.laurenceesnolgallery.com\/wp-content\/uploads\/2023\/04\/Affiche_KateLEHMAN_juillet2017-e1548502491117-209x300.jpg 209w\" sizes=\"(max-width: 580px) 100vw, 580px\" \/>\t\t\t\t\t\t\t\t\t\t\t\t\t\t\t<\/div>\n\t\t\t\t<\/div>\n\t\t\t\t\t<\/div>\n\t\t<\/div>\n\t\t\t\t<div class=\"elementor-column elementor-col-50 elementor-top-column elementor-element elementor-element-2756e63\" data-id=\"2756e63\" data-element_type=\"column\" data-e-type=\"column\">\n\t\t\t<div class=\"elementor-widget-wrap elementor-element-populated\">\n\t\t\t\t\t\t<div class=\"elementor-element elementor-element-1d84190 elementor-widget__width-initial elementor-widget elementor-widget-text-editor\" data-id=\"1d84190\" data-element_type=\"widget\" data-e-type=\"widget\" data-widget_type=\"text-editor.default\">\n\t\t\t\t<div class=\"elementor-widget-container\">\n\t\t\t\t\t\t\t\t\t<p>Kate Lehman was born in London in 1968. She grew up in Paris where her parents constantly opened the doors to a rich and eclectic cultural life for her. From the age of 15, she devoted herself full time to her artistic education and joined the Acad\u00e9mie de la Grande Chaumi\u00e8re, the Acad\u00e9mie Roederer and the Leconte workshop. Unable to find in this training what she was looking for in Art, she moved to New York and worked briefly in the film industry. In 1994, she joined the Minnesota River School. The discipline, technical demands and artistic freedom she found there were a revelation for Kate. There she also met the painter Patrick Devonas who would have a major influence on her work and on the artist she is today. In 1996, Kate Lehman studied at the Water Street Atelier in Brooklyn run by Jacob Collins and Rick Piloco.<\/p><p>Kate Lehman&#8217;s work has been exhibited in numerous museums and galleries in the United States and Europe. She currently lives between New York and Paris with her husband Travis Schlaht and their two children.<\/p>\t\t\t\t\t\t\t\t<\/div>\n\t\t\t\t<\/div>\n\t\t\t\t\t<\/div>\n\t\t<\/div>\n\t\t\t\t\t<\/div>\n\t\t<\/section>\n\t\t\t\t<\/div>\n\t\t","protected":false},"excerpt":{"rendered":"<p>Biography Kate Lehman was born in London in 1968. She grew up in Paris where her parents constantly opened the doors to a rich and eclectic cultural life for her. From the age of 15, she devoted herself full time to her artistic education and joined the Acad\u00e9mie de la Grande Chaumi\u00e8re, the Acad\u00e9mie Roederer and the Leconte workshop. Unable to find in this training what she was looking for in Art, she moved to New York and worked briefly in the film industry. In 1994, she joined the Minnesota River School. The discipline, technical demands and artistic freedom she found there were a revelation for Kate. There she also met the painter Patrick Devonas who would have a major influence on her work and on the artist she is today. In 1996, Kate Lehman studied at the Water Street Atelier in Brooklyn run by Jacob Collins and Rick Piloco. Kate Lehman&#8217;s work has been exhibited in numerous museums and galleries in the United States and Europe. She currently lives between New York and Paris with her husband Travis Schlaht and their two children.<\/p>\n","protected":false},"author":3,"featured_media":0,"parent":9304,"menu_order":0,"comment_status":"closed","ping_status":"closed","template":"","meta":{"_acf_changed":false,"footnotes":""},"class_list":["post-9309","page","type-page","status-publish","hentry"],"acf":[],"yoast_head":"<!-- This site is optimized with the Yoast SEO plugin v27.5 - https:\/\/yoast.com\/product\/yoast-seo-wordpress\/ -->\n<title>Kate Lehman Biography - Laurence Esnol Gallery | Paris, Saint Germain des Pr\u00e9s<\/title>\n<meta name=\"robots\" content=\"index, follow, max-snippet:-1, max-image-preview:large, max-video-preview:-1\" \/>\n<link rel=\"canonical\" href=\"https:\/\/www.laurenceesnolgallery.com\/en\/artists\/kate-lehman\/biography\/\" \/>\n<meta property=\"og:locale\" content=\"en_US\" \/>\n<meta property=\"og:type\" content=\"article\" \/>\n<meta property=\"og:title\" content=\"Kate Lehman Biography - Laurence Esnol Gallery | Paris, Saint Germain des Pr\u00e9s\" \/>\n<meta property=\"og:description\" content=\"Biography Kate Lehman was born in London in 1968. She grew up in Paris where her parents constantly opened the doors to a rich and eclectic cultural life for her. From the age of 15, she devoted herself full time to her artistic education and joined the Acad\u00e9mie de la Grande Chaumi\u00e8re, the Acad\u00e9mie Roederer and the Leconte workshop. Unable to find in this training what she was looking for in Art, she moved to New York and worked briefly in the film industry. In 1994, she joined the Minnesota River School. The discipline, technical demands and artistic freedom she found there were a revelation for Kate. There she also met the painter Patrick Devonas who would have a major influence on her work and on the artist she is today. In 1996, Kate Lehman studied at the Water Street Atelier in Brooklyn run by Jacob Collins and Rick Piloco. Kate Lehman&#8217;s work has been exhibited in numerous museums and galleries in the United States and Europe. She currently lives between New York and Paris with her husband Travis Schlaht and their two children.\" \/>\n<meta property=\"og:url\" content=\"https:\/\/www.laurenceesnolgallery.com\/en\/artists\/kate-lehman\/biography\/\" \/>\n<meta property=\"og:site_name\" content=\"Laurence Esnol Gallery | Paris, Saint Germain des Pr\u00e9s\" \/>\n<meta property=\"article:modified_time\" content=\"2023-10-19T10:01:03+00:00\" \/>\n<meta property=\"og:image\" content=\"https:\/\/www.laurenceesnolgallery.com\/wp-content\/uploads\/2023\/04\/Affiche_KateLEHMAN_juillet2017-e1548502491117.jpg\" \/>\n<meta name=\"twitter:card\" content=\"summary_large_image\" \/>\n<meta name=\"twitter:label1\" content=\"Est. reading time\" \/>\n\t<meta name=\"twitter:data1\" content=\"2 minutes\" \/>\n<script type=\"application\/ld+json\" class=\"yoast-schema-graph\">{\"@context\":\"https:\\\/\\\/schema.org\",\"@graph\":[{\"@type\":\"WebPage\",\"@id\":\"https:\\\/\\\/www.laurenceesnolgallery.com\\\/en\\\/artists\\\/kate-lehman\\\/biography\\\/\",\"url\":\"https:\\\/\\\/www.laurenceesnolgallery.com\\\/en\\\/artists\\\/kate-lehman\\\/biography\\\/\",\"name\":\"Kate Lehman Biography - Laurence Esnol Gallery | Paris, Saint Germain des Pr\u00e9s\",\"isPartOf\":{\"@id\":\"https:\\\/\\\/www.laurenceesnolgallery.com\\\/en\\\/#website\"},\"primaryImageOfPage\":{\"@id\":\"https:\\\/\\\/www.laurenceesnolgallery.com\\\/en\\\/artists\\\/kate-lehman\\\/biography\\\/#primaryimage\"},\"image\":{\"@id\":\"https:\\\/\\\/www.laurenceesnolgallery.com\\\/en\\\/artists\\\/kate-lehman\\\/biography\\\/#primaryimage\"},\"thumbnailUrl\":\"https:\\\/\\\/www.laurenceesnolgallery.com\\\/wp-content\\\/uploads\\\/2023\\\/04\\\/Affiche_KateLEHMAN_juillet2017-e1548502491117.jpg\",\"datePublished\":\"2023-06-06T13:08:43+00:00\",\"dateModified\":\"2023-10-19T10:01:03+00:00\",\"breadcrumb\":{\"@id\":\"https:\\\/\\\/www.laurenceesnolgallery.com\\\/en\\\/artists\\\/kate-lehman\\\/biography\\\/#breadcrumb\"},\"inLanguage\":\"en-US\",\"potentialAction\":[{\"@type\":\"ReadAction\",\"target\":[\"https:\\\/\\\/www.laurenceesnolgallery.com\\\/en\\\/artists\\\/kate-lehman\\\/biography\\\/\"]}]},{\"@type\":\"ImageObject\",\"inLanguage\":\"en-US\",\"@id\":\"https:\\\/\\\/www.laurenceesnolgallery.com\\\/en\\\/artists\\\/kate-lehman\\\/biography\\\/#primaryimage\",\"url\":\"https:\\\/\\\/www.laurenceesnolgallery.com\\\/wp-content\\\/uploads\\\/2023\\\/04\\\/Affiche_KateLEHMAN_juillet2017-e1548502491117.jpg\",\"contentUrl\":\"https:\\\/\\\/www.laurenceesnolgallery.com\\\/wp-content\\\/uploads\\\/2023\\\/04\\\/Affiche_KateLEHMAN_juillet2017-e1548502491117.jpg\"},{\"@type\":\"BreadcrumbList\",\"@id\":\"https:\\\/\\\/www.laurenceesnolgallery.com\\\/en\\\/artists\\\/kate-lehman\\\/biography\\\/#breadcrumb\",\"itemListElement\":[{\"@type\":\"ListItem\",\"position\":1,\"name\":\"Home\",\"item\":\"https:\\\/\\\/www.laurenceesnolgallery.com\\\/en\\\/\"},{\"@type\":\"ListItem\",\"position\":2,\"name\":\"Artists\",\"item\":\"https:\\\/\\\/www.laurenceesnolgallery.com\\\/en\\\/artists\\\/\"},{\"@type\":\"ListItem\",\"position\":3,\"name\":\"Kate Lehman\",\"item\":\"https:\\\/\\\/www.laurenceesnolgallery.com\\\/en\\\/artists\\\/kate-lehman\\\/\"},{\"@type\":\"ListItem\",\"position\":4,\"name\":\"Kate Lehman Biography\"}]},{\"@type\":\"WebSite\",\"@id\":\"https:\\\/\\\/www.laurenceesnolgallery.com\\\/en\\\/#website\",\"url\":\"https:\\\/\\\/www.laurenceesnolgallery.com\\\/en\\\/\",\"name\":\"Laurence Esnol Gallery | Paris, Saint Germain des Pr\u00e9s\",\"description\":\"Gallerie d&#039;Art \u00e0 Paris\",\"potentialAction\":[{\"@type\":\"SearchAction\",\"target\":{\"@type\":\"EntryPoint\",\"urlTemplate\":\"https:\\\/\\\/www.laurenceesnolgallery.com\\\/en\\\/?s={search_term_string}\"},\"query-input\":{\"@type\":\"PropertyValueSpecification\",\"valueRequired\":true,\"valueName\":\"search_term_string\"}}],\"inLanguage\":\"en-US\"}]}<\/script>\n<!-- \/ Yoast SEO plugin. -->","yoast_head_json":{"title":"Kate Lehman Biography - Laurence Esnol Gallery | Paris, Saint Germain des Pr\u00e9s","robots":{"index":"index","follow":"follow","max-snippet":"max-snippet:-1","max-image-preview":"max-image-preview:large","max-video-preview":"max-video-preview:-1"},"canonical":"https:\/\/www.laurenceesnolgallery.com\/en\/artists\/kate-lehman\/biography\/","og_locale":"en_US","og_type":"article","og_title":"Kate Lehman Biography - Laurence Esnol Gallery | Paris, Saint Germain des Pr\u00e9s","og_description":"Biography Kate Lehman was born in London in 1968. She grew up in Paris where her parents constantly opened the doors to a rich and eclectic cultural life for her. From the age of 15, she devoted herself full time to her artistic education and joined the Acad\u00e9mie de la Grande Chaumi\u00e8re, the Acad\u00e9mie Roederer and the Leconte workshop. Unable to find in this training what she was looking for in Art, she moved to New York and worked briefly in the film industry. In 1994, she joined the Minnesota River School. The discipline, technical demands and artistic freedom she found there were a revelation for Kate. There she also met the painter Patrick Devonas who would have a major influence on her work and on the artist she is today. In 1996, Kate Lehman studied at the Water Street Atelier in Brooklyn run by Jacob Collins and Rick Piloco. Kate Lehman&#8217;s work has been exhibited in numerous museums and galleries in the United States and Europe. She currently lives between New York and Paris with her husband Travis Schlaht and their two children.","og_url":"https:\/\/www.laurenceesnolgallery.com\/en\/artists\/kate-lehman\/biography\/","og_site_name":"Laurence Esnol Gallery | Paris, Saint Germain des Pr\u00e9s","article_modified_time":"2023-10-19T10:01:03+00:00","og_image":[{"url":"https:\/\/www.laurenceesnolgallery.com\/wp-content\/uploads\/2023\/04\/Affiche_KateLEHMAN_juillet2017-e1548502491117.jpg","type":"","width":"","height":""}],"twitter_card":"summary_large_image","twitter_misc":{"Est. reading time":"2 minutes"},"schema":{"@context":"https:\/\/schema.org","@graph":[{"@type":"WebPage","@id":"https:\/\/www.laurenceesnolgallery.com\/en\/artists\/kate-lehman\/biography\/","url":"https:\/\/www.laurenceesnolgallery.com\/en\/artists\/kate-lehman\/biography\/","name":"Kate Lehman Biography - Laurence Esnol Gallery | Paris, Saint Germain des Pr\u00e9s","isPartOf":{"@id":"https:\/\/www.laurenceesnolgallery.com\/en\/#website"},"primaryImageOfPage":{"@id":"https:\/\/www.laurenceesnolgallery.com\/en\/artists\/kate-lehman\/biography\/#primaryimage"},"image":{"@id":"https:\/\/www.laurenceesnolgallery.com\/en\/artists\/kate-lehman\/biography\/#primaryimage"},"thumbnailUrl":"https:\/\/www.laurenceesnolgallery.com\/wp-content\/uploads\/2023\/04\/Affiche_KateLEHMAN_juillet2017-e1548502491117.jpg","datePublished":"2023-06-06T13:08:43+00:00","dateModified":"2023-10-19T10:01:03+00:00","breadcrumb":{"@id":"https:\/\/www.laurenceesnolgallery.com\/en\/artists\/kate-lehman\/biography\/#breadcrumb"},"inLanguage":"en-US","potentialAction":[{"@type":"ReadAction","target":["https:\/\/www.laurenceesnolgallery.com\/en\/artists\/kate-lehman\/biography\/"]}]},{"@type":"ImageObject","inLanguage":"en-US","@id":"https:\/\/www.laurenceesnolgallery.com\/en\/artists\/kate-lehman\/biography\/#primaryimage","url":"https:\/\/www.laurenceesnolgallery.com\/wp-content\/uploads\/2023\/04\/Affiche_KateLEHMAN_juillet2017-e1548502491117.jpg","contentUrl":"https:\/\/www.laurenceesnolgallery.com\/wp-content\/uploads\/2023\/04\/Affiche_KateLEHMAN_juillet2017-e1548502491117.jpg"},{"@type":"BreadcrumbList","@id":"https:\/\/www.laurenceesnolgallery.com\/en\/artists\/kate-lehman\/biography\/#breadcrumb","itemListElement":[{"@type":"ListItem","position":1,"name":"Home","item":"https:\/\/www.laurenceesnolgallery.com\/en\/"},{"@type":"ListItem","position":2,"name":"Artists","item":"https:\/\/www.laurenceesnolgallery.com\/en\/artists\/"},{"@type":"ListItem","position":3,"name":"Kate Lehman","item":"https:\/\/www.laurenceesnolgallery.com\/en\/artists\/kate-lehman\/"},{"@type":"ListItem","position":4,"name":"Kate Lehman Biography"}]},{"@type":"WebSite","@id":"https:\/\/www.laurenceesnolgallery.com\/en\/#website","url":"https:\/\/www.laurenceesnolgallery.com\/en\/","name":"Laurence Esnol Gallery | Paris, Saint Germain des Pr\u00e9s","description":"Gallerie d&#039;Art \u00e0 Paris","potentialAction":[{"@type":"SearchAction","target":{"@type":"EntryPoint","urlTemplate":"https:\/\/www.laurenceesnolgallery.com\/en\/?s={search_term_string}"},"query-input":{"@type":"PropertyValueSpecification","valueRequired":true,"valueName":"search_term_string"}}],"inLanguage":"en-US"}]}},"_links":{"self":[{"href":"https:\/\/www.laurenceesnolgallery.com\/en\/wp-json\/wp\/v2\/pages\/9309","targetHints":{"allow":["GET"]}}],"collection":[{"href":"https:\/\/www.laurenceesnolgallery.com\/en\/wp-json\/wp\/v2\/pages"}],"about":[{"href":"https:\/\/www.laurenceesnolgallery.com\/en\/wp-json\/wp\/v2\/types\/page"}],"author":[{"embeddable":true,"href":"https:\/\/www.laurenceesnolgallery.com\/en\/wp-json\/wp\/v2\/users\/3"}],"replies":[{"embeddable":true,"href":"https:\/\/www.laurenceesnolgallery.com\/en\/wp-json\/wp\/v2\/comments?post=9309"}],"version-history":[{"count":10,"href":"https:\/\/www.laurenceesnolgallery.com\/en\/wp-json\/wp\/v2\/pages\/9309\/revisions"}],"predecessor-version":[{"id":9322,"href":"https:\/\/www.laurenceesnolgallery.com\/en\/wp-json\/wp\/v2\/pages\/9309\/revisions\/9322"}],"up":[{"embeddable":true,"href":"https:\/\/www.laurenceesnolgallery.com\/en\/wp-json\/wp\/v2\/pages\/9304"}],"wp:attachment":[{"href":"https:\/\/www.laurenceesnolgallery.com\/en\/wp-json\/wp\/v2\/media?parent=9309"}],"curies":[{"name":"wp","href":"https:\/\/api.w.org\/{rel}","templated":true}]}}